{"id":2,"date":"2021-12-23T19:20:40","date_gmt":"2021-12-23T18:20:40","guid":{"rendered":"http:\/\/auxarbrescitadins.com\/?page_id=2"},"modified":"2026-02-24T18:16:54","modified_gmt":"2026-02-24T17:16:54","slug":"about","status":"publish","type":"page","link":"https:\/\/auxarbrescitadins.com\/index.php\/about\/","title":{"rendered":"Qui sommes-nous"},"content":{"rendered":"\n<p><strong>Nous sommes une association qui cherche \u00e0 agir pour prot\u00e9ger les arbres et la v\u00e9g\u00e9tation en milieu urbain et p\u00e9riurbain :<\/strong><\/p>\n\n\n\n<figure class=\"wp-block-image size-large\"><img loading=\"lazy\" decoding=\"async\" width=\"1024\" height=\"678\" src=\"https:\/\/auxarbrescitadins.com\/wp-content\/uploads\/2022\/05\/qui-sommes-nous-buclos-1024x678.png\" alt=\"\" class=\"wp-image-291\" srcset=\"https:\/\/auxarbrescitadins.com\/wp-content\/uploads\/2022\/05\/qui-sommes-nous-buclos-1024x678.png 1024w, https:\/\/auxarbrescitadins.com\/wp-content\/uploads\/2022\/05\/qui-sommes-nous-buclos-300x199.png 300w, https:\/\/auxarbrescitadins.com\/wp-content\/uploads\/2022\/05\/qui-sommes-nous-buclos-768x509.png 768w, https:\/\/auxarbrescitadins.com\/wp-content\/uploads\/2022\/05\/qui-sommes-nous-buclos-175x116.png 175w, https:\/\/auxarbrescitadins.com\/wp-content\/uploads\/2022\/05\/qui-sommes-nous-buclos.png 1310w\" sizes=\"auto, (max-width: 1024px) 100vw, 1024px\" \/><\/figure>\n\n\n\n<div class=\"wp-block-columns is-layout-flex wp-container-core-columns-is-layout-9d6595d7 wp-block-columns-is-layout-flex\">\n<div class=\"wp-block-column is-layout-flow wp-block-column-is-layout-flow\">\n<ul class=\"wp-block-list\">\n<li>Face aux r\u00e9alit\u00e9s de terrain, nous analysons les textes r\u00e9glementaires.<\/li>\n\n\n\n<li>Nous croisons ces informations avec les publications techniques et scientifiques.<\/li>\n\n\n\n<li>Nous sommes une force de proposition pour am\u00e9liorer le cadre de vie des habitants.<\/li>\n<\/ul>\n<\/div>\n\n\n\n<div class=\"wp-block-column is-layout-flow wp-block-column-is-layout-flow\">\n<ul class=\"wp-block-list\">\n<li>Nous proposons des solutions et des adaptations r\u00e9glementaires et de planification.<\/li>\n\n\n\n<li>Nous mettons en place des ateliers participatifs aupr\u00e8s des habitants et des services.<\/li>\n\n\n\n<li>Nous mettons en place des outils de communication.<\/li>\n<\/ul>\n<\/div>\n<\/div>\n\n\n\n<h2 class=\"wp-block-heading\">Notre histoire<\/h2>\n\n\n\n<div class=\"wp-block-columns is-layout-flex wp-container-core-columns-is-layout-9d6595d7 wp-block-columns-is-layout-flex\">\n<div class=\"wp-block-column is-layout-flow wp-block-column-is-layout-flow\">\n<figure class=\"wp-block-image size-large\"><img loading=\"lazy\" decoding=\"async\" width=\"1024\" height=\"688\" src=\"https:\/\/auxarbrescitadins.com\/wp-content\/uploads\/2022\/05\/betonisation-1024x688.png\" alt=\"\" class=\"wp-image-300\" srcset=\"https:\/\/auxarbrescitadins.com\/wp-content\/uploads\/2022\/05\/betonisation-1024x688.png 1024w, https:\/\/auxarbrescitadins.com\/wp-content\/uploads\/2022\/05\/betonisation-300x201.png 300w, https:\/\/auxarbrescitadins.com\/wp-content\/uploads\/2022\/05\/betonisation-768x516.png 768w, https:\/\/auxarbrescitadins.com\/wp-content\/uploads\/2022\/05\/betonisation-173x116.png 173w, https:\/\/auxarbrescitadins.com\/wp-content\/uploads\/2022\/05\/betonisation.png 1297w\" sizes=\"auto, (max-width: 1024px) 100vw, 1024px\" \/><figcaption class=\"wp-element-caption\">Remplacement de la facult\u00e9 de pharmacie de Meylan<\/figcaption><\/figure>\n<\/div>\n\n\n\n<div class=\"wp-block-column is-layout-flow wp-block-column-is-layout-flow\">\n<p>Nous habitons Meylan (38240) et nous voyons la b\u00e9tonisation de notre quartier depuis plusieurs ann\u00e9es malgr\u00e9 les avis contraires des habitants.<br>Les habitants de la commune se sont regroup\u00e9s sous forme de collectifs et association<\/p>\n\n\n\n<p>Leurs avis de demandes de mod\u00e9ration de densification ont \u00e9t\u00e9 \u00e9cout\u00e9s, mais sans inflexion notable et suffisante sur la densification.<br>De nombreux meylanais se sont mobilis\u00e9s pour participer \u00e0 la concertation sur le PLUi et appeler \u00e0 la mod\u00e9ration de la densification avec une intelligence et une mod\u00e9ration constante dans l\u2019expression.<\/p>\n<\/div>\n<\/div>\n\n\n\n<p><strong>Quelques projets sont suspendus (on les esp\u00e8re abandonn\u00e9s) :<\/strong><\/p>\n\n\n\n<div class=\"wp-block-columns is-layout-flex wp-container-core-columns-is-layout-9d6595d7 wp-block-columns-is-layout-flex\">\n<div class=\"wp-block-column is-layout-flow wp-block-column-is-layout-flow\">\n<figure class=\"wp-block-image size-large\"><img loading=\"lazy\" decoding=\"async\" width=\"1024\" height=\"681\" src=\"https:\/\/auxarbrescitadins.com\/wp-content\/uploads\/2022\/05\/creche-1024x681.png\" alt=\"\" class=\"wp-image-294\" srcset=\"https:\/\/auxarbrescitadins.com\/wp-content\/uploads\/2022\/05\/creche-1024x681.png 1024w, https:\/\/auxarbrescitadins.com\/wp-content\/uploads\/2022\/05\/creche-300x199.png 300w, https:\/\/auxarbrescitadins.com\/wp-content\/uploads\/2022\/05\/creche-768x510.png 768w, https:\/\/auxarbrescitadins.com\/wp-content\/uploads\/2022\/05\/creche-175x116.png 175w, https:\/\/auxarbrescitadins.com\/wp-content\/uploads\/2022\/05\/creche.png 1312w\" sizes=\"auto, (max-width: 1024px) 100vw, 1024px\" \/><\/figure>\n\n\n\n<p class=\"has-text-align-center\"><strong><a href=\"https:\/\/www.ledauphine.com\/isere-sud\/2016\/07\/18\/le-projet-immobilier-sur-la-creche-des-buclos-fait-naitre-aux-arbres-citadins\" target=\"_blank\" rel=\"noreferrer noopener\">Terrain Cr\u00e8che des Buclos<\/a><\/strong><\/p>\n\n\n\n<p class=\"has-text-align-center\">D\u00e9molition et densification.<\/p>\n<\/div>\n\n\n\n<div class=\"wp-block-column is-layout-flow wp-block-column-is-layout-flow\">\n<figure class=\"wp-block-image size-large\"><img loading=\"lazy\" decoding=\"async\" width=\"1024\" height=\"684\" src=\"https:\/\/auxarbrescitadins.com\/wp-content\/uploads\/2022\/05\/Pichat-1024x684.png\" alt=\"\" class=\"wp-image-295\" srcset=\"https:\/\/auxarbrescitadins.com\/wp-content\/uploads\/2022\/05\/Pichat-1024x684.png 1024w, https:\/\/auxarbrescitadins.com\/wp-content\/uploads\/2022\/05\/Pichat-300x201.png 300w, https:\/\/auxarbrescitadins.com\/wp-content\/uploads\/2022\/05\/Pichat-768x513.png 768w, https:\/\/auxarbrescitadins.com\/wp-content\/uploads\/2022\/05\/Pichat-174x116.png 174w, https:\/\/auxarbrescitadins.com\/wp-content\/uploads\/2022\/05\/Pichat.png 1306w\" sizes=\"auto, (max-width: 1024px) 100vw, 1024px\" \/><\/figure>\n\n\n\n<p class=\"has-text-align-center\"><strong>Terrain Pr\u00e9 Pichat<\/strong><\/p>\n\n\n\n<p class=\"has-text-align-center\">D\u00e9molition, reconstruction, densification de logements<\/p>\n<\/div>\n<\/div>\n\n\n\n<p><strong>D\u2019autres ont continu\u00e9 dans l\u2019exc\u00e8s de b\u00e9tonisation, sans tenir compte des avis raisonnables \u00e9mis :<\/strong><\/p>\n\n\n\n<div class=\"wp-block-columns is-layout-flex wp-container-core-columns-is-layout-9d6595d7 wp-block-columns-is-layout-flex\">\n<div class=\"wp-block-column is-layout-flow wp-block-column-is-layout-flow\">\n<figure class=\"wp-block-image size-full\"><img loading=\"lazy\" decoding=\"async\" width=\"947\" height=\"688\" src=\"https:\/\/auxarbrescitadins.com\/wp-content\/uploads\/2022\/05\/sources-3.png\" alt=\"\" class=\"wp-image-306\" srcset=\"https:\/\/auxarbrescitadins.com\/wp-content\/uploads\/2022\/05\/sources-3.png 947w, https:\/\/auxarbrescitadins.com\/wp-content\/uploads\/2022\/05\/sources-3-300x218.png 300w, https:\/\/auxarbrescitadins.com\/wp-content\/uploads\/2022\/05\/sources-3-768x558.png 768w, https:\/\/auxarbrescitadins.com\/wp-content\/uploads\/2022\/05\/sources-3-160x116.png 160w\" sizes=\"auto, (max-width: 947px) 100vw, 947px\" \/><\/figure>\n\n\n\n<p class=\"has-text-align-center\"><strong>Op\u00e9ration les Sources<\/strong><\/p>\n<\/div>\n\n\n\n<div class=\"wp-block-column is-layout-flow wp-block-column-is-layout-flow\">\n<figure class=\"wp-block-image size-full\"><img loading=\"lazy\" decoding=\"async\" width=\"947\" height=\"688\" src=\"https:\/\/auxarbrescitadins.com\/wp-content\/uploads\/2022\/05\/PLM_3.png\" alt=\"\" class=\"wp-image-307\" srcset=\"https:\/\/auxarbrescitadins.com\/wp-content\/uploads\/2022\/05\/PLM_3.png 947w, https:\/\/auxarbrescitadins.com\/wp-content\/uploads\/2022\/05\/PLM_3-300x218.png 300w, https:\/\/auxarbrescitadins.com\/wp-content\/uploads\/2022\/05\/PLM_3-768x558.png 768w, https:\/\/auxarbrescitadins.com\/wp-content\/uploads\/2022\/05\/PLM_3-160x116.png 160w\" sizes=\"auto, (max-width: 947px) 100vw, 947px\" \/><\/figure>\n\n\n\n<p class=\"has-text-align-center\"><strong>Op\u00e9ration PLM<\/strong><\/p>\n\n\n\n<p class=\"has-text-align-center\">500 logements<\/p>\n<\/div>\n<\/div>\n\n\n\n<div class=\"wp-block-columns is-layout-flex wp-container-core-columns-is-layout-9d6595d7 wp-block-columns-is-layout-flex\">\n<div class=\"wp-block-column is-layout-flow wp-block-column-is-layout-flow\">\n<p>Le PLUi a programm\u00e9 et autoris\u00e9 une tr\u00e8s forte densification de la Plaine Meylanaise.<\/p>\n\n\n\n<p>De nombreux dossiers de construction sont en cours\u2026<br>Entre temps nous avons d\u00e9couvert :<\/p>\n\n\n\n<ul class=\"wp-block-list\">\n<li>Que les r\u00e8glementations nationales et les lois \u00e9voluaient ;<\/li>\n\n\n\n<li>Que les recommandations internationales existaient et allaient dans le sens des habitants et de leur vie ;<\/li>\n\n\n\n<li>Que les \u00e9tudes scientifiques de laboratoires nationaux renfor\u00e7aient l\u2019avis des habitants ;<\/li>\n<\/ul>\n<\/div>\n\n\n\n<div class=\"wp-block-column is-layout-flow wp-block-column-is-layout-flow\">\n<p>Nous avons analys\u00e9 une partie des textes d\u2019urbanisme et nous avons compris qu\u2019au-del\u00e0 des bonnes intentions d\u00e9clam\u00e9es par tous (et surtout par nos d\u00e9cideurs priv\u00e9s comme publics), le facteur manquant \u00e0 une prise en compte r\u00e9elle de l\u2019environnement et de l\u2019humaine, \u00e9tait la quantification de ces \u00e9l\u00e9ments vitaux. Nous devons renforcer la pr\u00e9cision et faire appliquer le Droit.<\/p>\n\n\n\n<p><br><strong>Nous avons compris que les arbres \u00e9taient les vecteurs parmi les plus efficaces pour servir nos objectifs.<\/strong><\/p>\n<\/div>\n<\/div>\n\n\n\n<p>Notre association tente modestement de r\u00e9unir les sciences, les techniques, le Droit et les sciences sociales, pour agir et faire agir dans le sens du bien commun et de la protection de l\u2019environnement.<\/p>\n\n\n\n<hr class=\"wp-block-separator has-alpha-channel-opacity\"\/>\n\n\n\n<h4 class=\"wp-block-heading\"><strong>L\u2019Association \u00ab&nbsp;Aux Arbres Citadins&nbsp;!&nbsp;\u00bb fait d\u00e9sormais partie de France Nature Environnement Is\u00e8re, qui est &nbsp;une f\u00e9d\u00e9ration qui regroupe une cinquantaine d\u2019associations de protection de l\u2019environnement en Is\u00e8re<\/strong>.<\/h4>\n\n\n<div class=\"wp-block-image\">\n<figure class=\"aligncenter size-full\"><a href=\"https:\/\/www.fne-aura.org\/isere\/\"><img loading=\"lazy\" decoding=\"async\" width=\"180\" height=\"180\" src=\"https:\/\/auxarbrescitadins.com\/wp-content\/uploads\/2023\/01\/611378727e22b622735dcd54-1.jpg\" alt=\"\" class=\"wp-image-676\" srcset=\"https:\/\/auxarbrescitadins.com\/wp-content\/uploads\/2023\/01\/611378727e22b622735dcd54-1.jpg 180w, https:\/\/auxarbrescitadins.com\/wp-content\/uploads\/2023\/01\/611378727e22b622735dcd54-1-150x150.jpg 150w, https:\/\/auxarbrescitadins.com\/wp-content\/uploads\/2023\/01\/611378727e22b622735dcd54-1-116x116.jpg 116w\" sizes=\"auto, (max-width: 180px) 100vw, 180px\" \/><\/a><\/figure>\n<\/div>\n\n\n<h3 class=\"wp-block-heading\"><br>Le travail ne manque pas\u2026 c\u2019est passionnant\u2026 Rejoignez-nous !<br>Le futur commence aujourd\u2019hui. Aux arbres citadins !<\/h3>\n\n\n\n<div class=\"wp-block-buttons is-layout-flex wp-block-buttons-is-layout-flex\"><\/div>\n\n\n\n<div class=\"wp-block-buttons is-content-justification-center is-layout-flex wp-container-core-buttons-is-layout-16018d1d wp-block-buttons-is-layout-flex\">\n<div class=\"wp-block-button is-style-outline is-style-outline--1\"><a class=\"wp-block-button__link wp-element-button\" href=\"https:\/\/docs.google.com\/forms\/d\/e\/1FAIpQLSfB5RuqZY2mg0mm-z1jYDJFjH4jMy9_Yl-_z7bxCMI-j-rxxA\/viewform\" target=\"_blank\" rel=\"noreferrer noopener\">Fiche Contact<\/a><\/div>\n<\/div>\n\n\n\n<hr class=\"wp-block-separator has-css-opacity\"\/>\n\n\n\n<div class=\"wp-block-columns is-layout-flex wp-container-core-columns-is-layout-9d6595d7 wp-block-columns-is-layout-flex\">\n<div class=\"wp-block-column is-layout-flow wp-block-column-is-layout-flow\">\n<h2 class=\"wp-block-heading\">S&rsquo;impliquer<\/h2>\n\n\n\n<p>Vous voulez vous sentir utile et lutter pour une bonne cause\u2009? Et si vous adh\u00e9riez \u00e0 notre association en tant que membre actif.<\/p>\n\n\n\n<p>Concernant le processus d\u2019adh\u00e9sion, la d\u00e9marche est toute simple. Le candidat d\u00e9sireux de devenir membre devra remplir<a href=\"https:\/\/www.payassociation.fr\/aux-arbres-citadins\/votrecotisation\"> un formulaire d\u2019adh\u00e9sion<\/a> (en ligne). <\/p>\n\n\n\n<p>Il devra en outre payer le co\u00fbt de l\u2019adh\u00e9sion si cela est demand\u00e9. L\u2019adh\u00e9sion&nbsp; est une opportunit\u00e9 qui s\u2019offre \u00e0 toutes les personnes souhaitant <strong>devenir utile \u00e0 la soci\u00e9t\u00e9<\/strong>. Ces derni\u00e8res peuvent d\u00e9sormais se r\u00e9veiller le matin et avoir la bonne motivation pour accomplir de bonnes choses et surtout <strong>soutenir les causes qui leur tiennent \u00e0 c\u0153ur<\/strong>. Une tr\u00e8s bonne mani\u00e8re de se sentir entour\u00e9, de rompre la solitude et de se sentir utile aux yeux des autres qui sont dans le besoin\u2009!<\/p>\n\n\n\n<div class=\"wp-block-buttons is-layout-flex wp-block-buttons-is-layout-flex\">\n<div class=\"wp-block-button is-style-fill\"><a class=\"wp-block-button__link has-white-color has-vivid-green-cyan-background-color has-text-color has-background has-small-font-size has-custom-font-size wp-element-button\" href=\"https:\/\/www.payassociation.fr\/aux-arbres-citadins\/votrecotisation\" target=\"_blank\" rel=\"noreferrer noopener\">Adh\u00e9sion en ligne<\/a><\/div>\n\n\n\n<div class=\"wp-block-button is-style-fill\"><a class=\"wp-block-button__link has-white-color has-vivid-green-cyan-background-color has-text-color has-background has-small-font-size has-custom-font-size wp-element-button\" href=\"https:\/\/drive.google.com\/file\/d\/1vOXCjuQUpbbNEQwaWfBilQceHk-wMPPl\/view?usp=sharing\" target=\"_blank\" rel=\"noreferrer noopener\">Adh\u00e9sion par courrier<\/a><\/div>\n<\/div>\n\n\n\n<p><strong>Pourquoi adh\u00e9rer \u00e0 notre association ?<\/strong><\/p>\n\n\n\n<ul class=\"wp-block-list\">\n<li>Adh\u00e9rer, c\u2019est soutenir financi\u00e8rement notre action <em>via<\/em> le paiement de la cotisation. Les cotisations permettent de couvrir une partie d\u2019autofinancement souvent requis dans le cadre des missions d\u2019int\u00e9r\u00eat g\u00e9n\u00e9ral<\/li>\n<\/ul>\n\n\n\n<ul class=\"wp-block-list\">\n<li>Adh\u00e9rer permet d\u2019\u00eatre destinataire des documents \u00e9dit\u00e9s par l\u2019association. Ainsi, vous restez inform\u00e9 de toutes nos activit\u00e9s et actualit\u00e9s.\u2013 Adh\u00e9rer permet aussi d\u2019\u00eatre invit\u00e9 aux \u00e9v\u00e9nements, s\u00e9minaires, visites et r\u00e9unions d\u2019informations organis\u00e9es tout au long de l\u2019ann\u00e9e. Ces moments d\u2019informations, g\u00e9n\u00e9ralement tr\u00e8s conviviaux, permettent \u00e9galement de rencontrer les acteurs publics et priv\u00e9s des domaines du V\u00e9g\u00e9tal.<\/li>\n<\/ul>\n\n\n\n<p>Comp\u00e9tences recherch\u00e9es<\/p>\n\n\n\n<ul class=\"wp-block-list\">\n<li>Droit de l\u2019urbanisme, de la construction et de l\u2019environnement<\/li>\n\n\n\n<li>Droit administratif et proc\u00e9dures<\/li>\n\n\n\n<li>Urbanisme de projet et r\u00e8glementaire<\/li>\n\n\n\n<li>Espaces-verts, for\u00eat, \u00e9cologie, v\u00e9g\u00e9tal et science du vivant&nbsp;<\/li>\n\n\n\n<li>Architecture, g\u00e9nie urbain, r\u00e9seaux<\/li>\n\n\n\n<li>G\u00e9ologie, hydrog\u00e9ologie, climatologie, environnement&nbsp;<\/li>\n\n\n\n<li>Informatique, internet et communication<\/li>\n\n\n\n<li>DAO, CAO, SIG, illustration, vid\u00e9o<\/li>\n\n\n\n<li>Relation presse et journalisme<\/li>\n\n\n\n<li>Marketing, management, gestion, comptabilit\u00e9<\/li>\n<\/ul>\n<\/div>\n\n\n\n<div class=\"wp-block-column is-layout-flow wp-block-column-is-layout-flow\">\n<h2 class=\"wp-block-heading\">Faire un don<\/h2>\n\n\n\n<p>Les associations, pour subvenir \u00e0 leurs besoins, peuvent recevoir des \u00ab\u00a0dons manuels\u00a0\u00bb, litt\u00e9ralement des dons \u00ab\u00a0de la main \u00e0 la main\u00a0\u00bb, soit des dons effectu\u00e9s par des particuliers.<\/p>\n\n\n\n<p><strong>D\u00e9finition<\/strong><\/p>\n\n\n\n<p>Toute association r\u00e9guli\u00e8rement d\u00e9clar\u00e9e peut recevoir un don manuel (c\u2019est-\u00e0-dire effectu\u00e9 \u00ab\u00a0de la main \u00e0 la main\u00a0\u00bb), sans qu\u2019il soit n\u00e9cessaire d\u2019\u00e9tablir un acte notari\u00e9 ; il est \u00e9galement admis qu\u2019il puisse \u00eatre r\u00e9alis\u00e9 par virement (bancaire ou postal), par ch\u00e8que ou par remise d\u2019esp\u00e8ces. Un tel don ne comporte aucune contrepartie et ne donne lieu, en principe, \u00e0 la perception d\u2019aucun droit d\u2019enregistrement ; il doit \u00eatre effectu\u00e9 du vivant du donateur, sans quoi il s\u2019agirait d\u2019un legs dont seules certaines associations peuvent b\u00e9n\u00e9ficier (voir ci-dessous).<\/p>\n\n\n\n<div class=\"wp-block-buttons is-layout-flex wp-block-buttons-is-layout-flex\">\n<div class=\"wp-block-button\"><a class=\"wp-block-button__link has-white-color has-vivid-green-cyan-background-color has-text-color has-background has-small-font-size has-custom-font-size wp-element-button\" href=\"https:\/\/www.payasso.fr\/association-aux-arbres-citadins\/dons\">Faire un don<\/a><\/div>\n<\/div>\n\n\n\n<p>Le bien qui fait l\u2019objet du don peut \u00eatre de nature diverse : billets de banques, ch\u00e8ques, meubles, titres au porteur, etc.<\/p>\n\n\n\n<p>Sont \u00e9galement assimil\u00e9es \u00e0 des dons manuels les sommes provenant de collectes, de qu\u00eates sur la voie publique (apr\u00e8s autorisation administrative ; voir pr\u00e9cisions ci-dessous) ou \u00e0 domicile, ou par l\u2019interm\u00e9diaire de troncs d\u00e9pos\u00e9s dans des lieux publics.<\/p>\n\n\n\n<p><strong>Les organismes b\u00e9n\u00e9ficiaires<\/strong><\/p>\n\n\n\n<p>Toutes les associations d\u00e9clar\u00e9es peuvent, sans autorisation sp\u00e9ciale et quel que soit leur objet, recevoir des dons manuels, et ce, en application de l\u2019article 6 de la loi du 1er juillet 1901.<\/p>\n\n\n\n<div class=\"wp-block-buttons is-layout-flex wp-block-buttons-is-layout-flex\">\n<div class=\"wp-block-button is-style-outline is-style-outline--2\"><a class=\"wp-block-button__link has-small-font-size has-custom-font-size wp-element-button\" href=\"https:\/\/www.associations.gouv.fr\/dons-manuels.html#:~:text=Toute%20association%20r%C3%A9guli%C3%A8rement%20d%C3%A9clar%C3%A9e%20peut,ou%20par%20remise%20d%27esp%C3%A8ces.\">Lois sur les dons<\/a><\/div>\n<\/div>\n<\/div>\n<\/div>\n\n\n\n<p><\/p>\n","protected":false},"excerpt":{"rendered":"<p>Nous sommes une association qui cherche \u00e0 agir pour prot\u00e9ger les arbres et la v\u00e9g\u00e9tation en milieu urbain et p\u00e9riurbain &hellip; <a href=\"https:\/\/auxarbrescitadins.com\/index.php\/about\/\" class=\"more-link\">Continue reading <span class=\"screen-reader-text\">Qui sommes-nous<\/span><\/a><\/p>\n","protected":false},"author":1,"featured_media":1525,"parent":0,"menu_order":0,"comment_status":"closed","ping_status":"closed","template":"page-templates\/full-width.php","meta":{"footnotes":""},"class_list":["post-2","page","type-page","status-publish","has-post-thumbnail","hentry"],"_links":{"self":[{"href":"https:\/\/auxarbrescitadins.com\/index.php\/wp-json\/wp\/v2\/pages\/2","targetHints":{"allow":["GET"]}}],"collection":[{"href":"https:\/\/auxarbrescitadins.com\/index.php\/wp-json\/wp\/v2\/pages"}],"about":[{"href":"https:\/\/auxarbrescitadins.com\/index.php\/wp-json\/wp\/v2\/types\/page"}],"author":[{"embeddable":true,"href":"https:\/\/auxarbrescitadins.com\/index.php\/wp-json\/wp\/v2\/users\/1"}],"replies":[{"embeddable":true,"href":"https:\/\/auxarbrescitadins.com\/index.php\/wp-json\/wp\/v2\/comments?post=2"}],"version-history":[{"count":22,"href":"https:\/\/auxarbrescitadins.com\/index.php\/wp-json\/wp\/v2\/pages\/2\/revisions"}],"predecessor-version":[{"id":1522,"href":"https:\/\/auxarbrescitadins.com\/index.php\/wp-json\/wp\/v2\/pages\/2\/revisions\/1522"}],"wp:featuredmedia":[{"embeddable":true,"href":"https:\/\/auxarbrescitadins.com\/index.php\/wp-json\/wp\/v2\/media\/1525"}],"wp:attachment":[{"href":"https:\/\/auxarbrescitadins.com\/index.php\/wp-json\/wp\/v2\/media?parent=2"}],"curies":[{"name":"wp","href":"https:\/\/api.w.org\/{rel}","templated":true}]}}