{"id":486,"date":"2022-10-16T21:58:40","date_gmt":"2022-10-16T19:58:40","guid":{"rendered":"https:\/\/auxarbrescitadins.com\/?page_id=486"},"modified":"2022-10-17T23:35:58","modified_gmt":"2022-10-17T21:35:58","slug":"parcours-visite-des-arbres-du-quartier-buclos-le-9-04-2022","status":"publish","type":"page","link":"https:\/\/auxarbrescitadins.com\/index.php\/nos-activites\/parcours-visite-des-arbres-du-quartier-buclos-le-9-04-2022\/","title":{"rendered":"Parcours visite des arbres du Quartier Buclos le 9\/04\/2022"},"content":{"rendered":"\n<div class=\"wp-block-media-text alignwide is-stacked-on-mobile\"><figure class=\"wp-block-media-text__media\"><img loading=\"lazy\" decoding=\"async\" width=\"1024\" height=\"768\" src=\"https:\/\/auxarbrescitadins.com\/wp-content\/uploads\/2022\/10\/IMG_3038-1024x768.jpg\" alt=\"\" class=\"wp-image-488 size-full\" srcset=\"https:\/\/auxarbrescitadins.com\/wp-content\/uploads\/2022\/10\/IMG_3038-1024x768.jpg 1024w, https:\/\/auxarbrescitadins.com\/wp-content\/uploads\/2022\/10\/IMG_3038-300x225.jpg 300w, https:\/\/auxarbrescitadins.com\/wp-content\/uploads\/2022\/10\/IMG_3038-768x576.jpg 768w, https:\/\/auxarbrescitadins.com\/wp-content\/uploads\/2022\/10\/IMG_3038-1536x1152.jpg 1536w, https:\/\/auxarbrescitadins.com\/wp-content\/uploads\/2022\/10\/IMG_3038-2048x1536.jpg 2048w, https:\/\/auxarbrescitadins.com\/wp-content\/uploads\/2022\/10\/IMG_3038-155x116.jpg 155w\" sizes=\"auto, (max-width: 1024px) 100vw, 1024px\" \/><\/figure><div class=\"wp-block-media-text__content\">\n<p>Sortie \u00ab&nbsp;Parcours visite des arbres du Quartier Buclos&nbsp;\u00bb organis\u00e9e par l\u2019association \u00ab&nbsp;Aux arbres citadins&nbsp;\u00bb  et l'\u00a0\u00bbUQBGP\u00a0\u00bb, le 9 Avril 2022, en partenariat avec la mairie de Meylan<\/p>\n\n\n\n<p>Rassemblement \u00e0 10h devant la maison de quartier des Buclos<\/p>\n\n\n\n<p>Visite pr\u00e9sent\u00e9e par Fran\u00e7ois B\u00e9raud, pr\u00e9sident de l\u2019association \u00ab\u00a0Aux Arbres Citadins\u00a0\u00bb<\/p>\n\n\n\n<p>Un <a href=\"https:\/\/drive.google.com\/file\/d\/19HPDFnTEHvA3p07uIHhsYbTn2pb9s0Sh\/view?usp=sharing\" target=\"_blank\" rel=\"noreferrer noopener\">document<\/a> a \u00e9t\u00e9 remis \u00e0 chaque participant<\/p>\n<\/div><\/div>\n\n\n\n<hr class=\"wp-block-separator\"\/>\n\n\n\n<div class=\"wp-block-media-text alignwide has-media-on-the-right is-stacked-on-mobile\"><figure class=\"wp-block-media-text__media\"><img loading=\"lazy\" decoding=\"async\" width=\"538\" height=\"780\" src=\"https:\/\/auxarbrescitadins.com\/wp-content\/uploads\/2022\/10\/Affiche_9_4_22.png\" alt=\"\" class=\"wp-image-490 size-full\" srcset=\"https:\/\/auxarbrescitadins.com\/wp-content\/uploads\/2022\/10\/Affiche_9_4_22.png 538w, https:\/\/auxarbrescitadins.com\/wp-content\/uploads\/2022\/10\/Affiche_9_4_22-207x300.png 207w, https:\/\/auxarbrescitadins.com\/wp-content\/uploads\/2022\/10\/Affiche_9_4_22-80x116.png 80w\" sizes=\"auto, (max-width: 538px) 100vw, 538px\" \/><\/figure><div class=\"wp-block-media-text__content\">\n<p class=\"has-large-font-size\"><\/p>\n\n\n\n<p> Renforcement des connaissances du patrimoine v\u00e9g\u00e9tal Meylanais in situ : v\u00e9rification concr\u00e8te sur le terrain des informations donn\u00e9es le 3 f\u00e9vrier  <\/p>\n\n\n\n<p>Connaissance des differents arbres du quartier en tant qu\u2019individus et en tant que groupe<\/p>\n\n\n\n<p>Apprendre \u00e0 voir vivre les arbres du Quartier.<\/p>\n\n\n\n<p>Conna\u00eetre et reconna\u00eetre ce que les arbres du quartier nous apportent.<\/p>\n\n\n\n<p>Aider les arbres du quartier \u00e0 vivre et donc nous aider nous-m\u00eame<\/p>\n\n\n\n<p>Prot\u00e9ger les arbres du quartier et donc nous prot\u00e9ger.<\/p>\n<\/div><\/div>\n\n\n\n<hr class=\"wp-block-separator\"\/>\n\n\n\n<figure class=\"wp-block-gallery columns-3 is-cropped wp-block-gallery-1 is-layout-flex wp-block-gallery-is-layout-flex\"><ul class=\"blocks-gallery-grid\"><li class=\"blocks-gallery-item\"><figure><img loading=\"lazy\" decoding=\"async\" width=\"1024\" height=\"617\" src=\"https:\/\/auxarbrescitadins.com\/wp-content\/uploads\/2022\/10\/Photos-Sortie-9-Avril_N1--1024x617.png\" alt=\"\" data-id=\"493\" data-full-url=\"https:\/\/auxarbrescitadins.com\/wp-content\/uploads\/2022\/10\/Photos-Sortie-9-Avril_N1-.png\" data-link=\"https:\/\/auxarbrescitadins.com\/?attachment_id=493\" class=\"wp-image-493\" srcset=\"https:\/\/auxarbrescitadins.com\/wp-content\/uploads\/2022\/10\/Photos-Sortie-9-Avril_N1--1024x617.png 1024w, https:\/\/auxarbrescitadins.com\/wp-content\/uploads\/2022\/10\/Photos-Sortie-9-Avril_N1--300x181.png 300w, https:\/\/auxarbrescitadins.com\/wp-content\/uploads\/2022\/10\/Photos-Sortie-9-Avril_N1--768x462.png 768w, https:\/\/auxarbrescitadins.com\/wp-content\/uploads\/2022\/10\/Photos-Sortie-9-Avril_N1--193x116.png 193w, https:\/\/auxarbrescitadins.com\/wp-content\/uploads\/2022\/10\/Photos-Sortie-9-Avril_N1-.png 1068w\" sizes=\"auto, (max-width: 1024px) 100vw, 1024px\" \/><\/figure><\/li><li class=\"blocks-gallery-item\"><figure><img loading=\"lazy\" decoding=\"async\" width=\"1002\" height=\"669\" src=\"https:\/\/auxarbrescitadins.com\/wp-content\/uploads\/2022\/10\/Photos-Sortie-9-Avril_N2-.png\" alt=\"\" data-id=\"494\" data-full-url=\"https:\/\/auxarbrescitadins.com\/wp-content\/uploads\/2022\/10\/Photos-Sortie-9-Avril_N2-.png\" data-link=\"https:\/\/auxarbrescitadins.com\/?attachment_id=494\" class=\"wp-image-494\" srcset=\"https:\/\/auxarbrescitadins.com\/wp-content\/uploads\/2022\/10\/Photos-Sortie-9-Avril_N2-.png 1002w, https:\/\/auxarbrescitadins.com\/wp-content\/uploads\/2022\/10\/Photos-Sortie-9-Avril_N2--300x200.png 300w, https:\/\/auxarbrescitadins.com\/wp-content\/uploads\/2022\/10\/Photos-Sortie-9-Avril_N2--768x513.png 768w, https:\/\/auxarbrescitadins.com\/wp-content\/uploads\/2022\/10\/Photos-Sortie-9-Avril_N2--174x116.png 174w\" sizes=\"auto, (max-width: 1002px) 100vw, 1002px\" \/><\/figure><\/li><li class=\"blocks-gallery-item\"><figure><img loading=\"lazy\" decoding=\"async\" width=\"996\" height=\"697\" src=\"https:\/\/auxarbrescitadins.com\/wp-content\/uploads\/2022\/10\/Photos-Sortie-9-Avril_N3-.png\" alt=\"\" data-id=\"495\" data-full-url=\"https:\/\/auxarbrescitadins.com\/wp-content\/uploads\/2022\/10\/Photos-Sortie-9-Avril_N3-.png\" data-link=\"https:\/\/auxarbrescitadins.com\/?attachment_id=495\" class=\"wp-image-495\" srcset=\"https:\/\/auxarbrescitadins.com\/wp-content\/uploads\/2022\/10\/Photos-Sortie-9-Avril_N3-.png 996w, https:\/\/auxarbrescitadins.com\/wp-content\/uploads\/2022\/10\/Photos-Sortie-9-Avril_N3--300x210.png 300w, https:\/\/auxarbrescitadins.com\/wp-content\/uploads\/2022\/10\/Photos-Sortie-9-Avril_N3--768x537.png 768w, https:\/\/auxarbrescitadins.com\/wp-content\/uploads\/2022\/10\/Photos-Sortie-9-Avril_N3--166x116.png 166w\" sizes=\"auto, (max-width: 996px) 100vw, 996px\" \/><\/figure><\/li><\/ul><\/figure>\n","protected":false},"excerpt":{"rendered":"<p>Sortie \u00ab&nbsp;Parcours visite des arbres du Quartier Buclos&nbsp;\u00bb organis\u00e9e par l\u2019association \u00ab&nbsp;Aux arbres citadins&nbsp;\u00bb et l&rsquo;\u00a0\u00bbUQBGP\u00a0\u00bb, le 9 Avril 2022, &hellip; <a href=\"https:\/\/auxarbrescitadins.com\/index.php\/nos-activites\/parcours-visite-des-arbres-du-quartier-buclos-le-9-04-2022\/\" class=\"more-link\">Continue reading <span class=\"screen-reader-text\">Parcours visite des arbres du Quartier Buclos le 9\/04\/2022<\/span><\/a><\/p>\n","protected":false},"author":1,"featured_media":0,"parent":460,"menu_order":0,"comment_status":"closed","ping_status":"closed","template":"","meta":{"footnotes":""},"class_list":["post-486","page","type-page","status-publish","hentry"],"_links":{"self":[{"href":"https:\/\/auxarbrescitadins.com\/index.php\/wp-json\/wp\/v2\/pages\/486","targetHints":{"allow":["GET"]}}],"collection":[{"href":"https:\/\/auxarbrescitadins.com\/index.php\/wp-json\/wp\/v2\/pages"}],"about":[{"href":"https:\/\/auxarbrescitadins.com\/index.php\/wp-json\/wp\/v2\/types\/page"}],"author":[{"embeddable":true,"href":"https:\/\/auxarbrescitadins.com\/index.php\/wp-json\/wp\/v2\/users\/1"}],"replies":[{"embeddable":true,"href":"https:\/\/auxarbrescitadins.com\/index.php\/wp-json\/wp\/v2\/comments?post=486"}],"version-history":[{"count":6,"href":"https:\/\/auxarbrescitadins.com\/index.php\/wp-json\/wp\/v2\/pages\/486\/revisions"}],"predecessor-version":[{"id":557,"href":"https:\/\/auxarbrescitadins.com\/index.php\/wp-json\/wp\/v2\/pages\/486\/revisions\/557"}],"up":[{"embeddable":true,"href":"https:\/\/auxarbrescitadins.com\/index.php\/wp-json\/wp\/v2\/pages\/460"}],"wp:attachment":[{"href":"https:\/\/auxarbrescitadins.com\/index.php\/wp-json\/wp\/v2\/media?parent=486"}],"curies":[{"name":"wp","href":"https:\/\/api.w.org\/{rel}","templated":true}]}}