{"id":73,"date":"2022-05-03T10:00:25","date_gmt":"2022-05-03T08:00:25","guid":{"rendered":"https:\/\/auxarbrescitadins.com\/?page_id=73"},"modified":"2025-05-25T11:45:35","modified_gmt":"2025-05-25T09:45:35","slug":"nos-domaines-daction","status":"publish","type":"page","link":"https:\/\/auxarbrescitadins.com\/index.php\/nos-domaines-daction\/","title":{"rendered":"Nos domaines d&rsquo;action"},"content":{"rendered":"\n<p>Des actions d\u2019information : Connaitre les arbres et la v\u00e9g\u00e9tation urbaine, Espaces- verts et Sant\u00e9, Les Ilots de chaleur urbains, r\u00f4le des arbres et de la v\u00e9g\u00e9tation, Les arbres, la v\u00e9g\u00e9tation et l\u2019urbanisme, La protection des arbres et le Droit, Arbres et v\u00e9g\u00e9tation : sujets connexes.<\/p>\n\n\n\n<p>Des actions et services aupr\u00e8s des collectivit\u00e9s locales : Renforcement des connaissances du patrimoine v\u00e9g\u00e9tal local, Compl\u00e9ments \u00e0 apporter aux documents d\u2019urbanisme, Propositions de renforcement des EBC (Espaces Bois\u00e9s Class\u00e9s), Propositions d\u2019outils de gestion des EBC sur le terrain, Mise en place d\u2019outils participatifs aupr\u00e8s des habitants.<\/p>\n\n\n\n<p>Des actions et services aupr\u00e8s des acteurs priv\u00e9s : Inventaire de v\u00e9g\u00e9tation et adaptations, Analyse des \u00e9tudes existantes et des textes r\u00e8glementaires, Propositions strat\u00e9giques de protection et de renforcement, Etudes techniques et projets.<\/p>\n\n\n\n<div class=\"wp-block-columns is-layout-flex wp-container-core-columns-is-layout-9d6595d7 wp-block-columns-is-layout-flex\">\n<div class=\"wp-block-column is-layout-flow wp-block-column-is-layout-flow\">\n<figure class=\"wp-block-image size-full\"><img loading=\"lazy\" decoding=\"async\" width=\"800\" height=\"533\" src=\"https:\/\/auxarbrescitadins.com\/wp-content\/uploads\/2022\/05\/ru-recovery-ministries-zAUFtGIWc0E-unsplash.jpg\" alt=\"\" class=\"wp-image-95\" srcset=\"https:\/\/auxarbrescitadins.com\/wp-content\/uploads\/2022\/05\/ru-recovery-ministries-zAUFtGIWc0E-unsplash.jpg 800w, https:\/\/auxarbrescitadins.com\/wp-content\/uploads\/2022\/05\/ru-recovery-ministries-zAUFtGIWc0E-unsplash-300x200.jpg 300w, https:\/\/auxarbrescitadins.com\/wp-content\/uploads\/2022\/05\/ru-recovery-ministries-zAUFtGIWc0E-unsplash-768x512.jpg 768w, https:\/\/auxarbrescitadins.com\/wp-content\/uploads\/2022\/05\/ru-recovery-ministries-zAUFtGIWc0E-unsplash-174x116.jpg 174w\" sizes=\"auto, (max-width: 800px) 100vw, 800px\" \/><\/figure>\n\n\n\n<h3 class=\"wp-block-heading\">Nos actions d\u2019information aupr\u00e8s du public<\/h3>\n\n\n\n<div class=\"wp-block-buttons is-layout-flex wp-block-buttons-is-layout-flex\">\n<div class=\"wp-block-button has-custom-font-size is-style-outline is-style-outline--1\" style=\"font-size:12px\"><a class=\"wp-block-button__link wp-element-button\" href=\"#info\">En savoir plus<\/a><\/div>\n<\/div>\n<\/div>\n\n\n\n<div class=\"wp-block-column is-layout-flow wp-block-column-is-layout-flow\">\n<figure class=\"wp-block-image size-full\"><img loading=\"lazy\" decoding=\"async\" width=\"800\" height=\"533\" src=\"https:\/\/auxarbrescitadins.com\/wp-content\/uploads\/2022\/05\/dfgdfg.jpg\" alt=\"\" class=\"wp-image-97\" srcset=\"https:\/\/auxarbrescitadins.com\/wp-content\/uploads\/2022\/05\/dfgdfg.jpg 800w, https:\/\/auxarbrescitadins.com\/wp-content\/uploads\/2022\/05\/dfgdfg-300x200.jpg 300w, https:\/\/auxarbrescitadins.com\/wp-content\/uploads\/2022\/05\/dfgdfg-768x512.jpg 768w, https:\/\/auxarbrescitadins.com\/wp-content\/uploads\/2022\/05\/dfgdfg-174x116.jpg 174w\" sizes=\"auto, (max-width: 800px) 100vw, 800px\" \/><\/figure>\n\n\n\n<h3 class=\"wp-block-heading\">Nos actions aupr\u00e8s des collectivit\u00e9s locales<\/h3>\n\n\n\n<div class=\"wp-block-buttons is-layout-flex wp-block-buttons-is-layout-flex\">\n<div class=\"wp-block-button has-custom-font-size is-style-outline is-style-outline--2\" style=\"font-size:12px\"><a class=\"wp-block-button__link wp-element-button\" href=\"#local\">En savoir plus<\/a><\/div>\n<\/div>\n<\/div>\n\n\n\n<div class=\"wp-block-column is-layout-flow wp-block-column-is-layout-flow\">\n<figure class=\"wp-block-image size-full\"><img loading=\"lazy\" decoding=\"async\" width=\"800\" height=\"533\" src=\"https:\/\/auxarbrescitadins.com\/wp-content\/uploads\/2022\/05\/xfghfgh.jpg\" alt=\"\" class=\"wp-image-96\" srcset=\"https:\/\/auxarbrescitadins.com\/wp-content\/uploads\/2022\/05\/xfghfgh.jpg 800w, https:\/\/auxarbrescitadins.com\/wp-content\/uploads\/2022\/05\/xfghfgh-300x200.jpg 300w, https:\/\/auxarbrescitadins.com\/wp-content\/uploads\/2022\/05\/xfghfgh-768x512.jpg 768w, https:\/\/auxarbrescitadins.com\/wp-content\/uploads\/2022\/05\/xfghfgh-174x116.jpg 174w\" sizes=\"auto, (max-width: 800px) 100vw, 800px\" \/><\/figure>\n\n\n\n<h3 class=\"wp-block-heading\">Nos actions et services aupr\u00e8s des acteurs priv\u00e9s<\/h3>\n\n\n\n<div class=\"wp-block-buttons is-layout-flex wp-block-buttons-is-layout-flex\">\n<div class=\"wp-block-button has-custom-font-size is-style-outline is-style-outline--3\" style=\"font-size:12px\"><a class=\"wp-block-button__link wp-element-button\" href=\"#prive\">En savoir plus<\/a><\/div>\n<\/div>\n<\/div>\n<\/div>\n\n\n\n<figure class=\"wp-block-image size-large\"><img loading=\"lazy\" decoding=\"async\" width=\"1024\" height=\"309\" src=\"https:\/\/auxarbrescitadins.com\/wp-content\/uploads\/2022\/05\/pano-03-av-verdun-secteurboise-1024x309.jpg\" alt=\"\" class=\"wp-image-158\" srcset=\"https:\/\/auxarbrescitadins.com\/wp-content\/uploads\/2022\/05\/pano-03-av-verdun-secteurboise-1024x309.jpg 1024w, https:\/\/auxarbrescitadins.com\/wp-content\/uploads\/2022\/05\/pano-03-av-verdun-secteurboise-300x90.jpg 300w, https:\/\/auxarbrescitadins.com\/wp-content\/uploads\/2022\/05\/pano-03-av-verdun-secteurboise-768x232.jpg 768w, https:\/\/auxarbrescitadins.com\/wp-content\/uploads\/2022\/05\/pano-03-av-verdun-secteurboise-1536x463.jpg 1536w, https:\/\/auxarbrescitadins.com\/wp-content\/uploads\/2022\/05\/pano-03-av-verdun-secteurboise-2048x618.jpg 2048w, https:\/\/auxarbrescitadins.com\/wp-content\/uploads\/2022\/05\/pano-03-av-verdun-secteurboise-228x69.jpg 228w\" sizes=\"auto, (max-width: 1024px) 100vw, 1024px\" \/><figcaption class=\"wp-element-caption\">Avenue de Verdun , secteur bois\u00e9<\/figcaption><\/figure>\n\n\n\n<h2 class=\"wp-block-heading\" id=\"info\">Nos actions d&rsquo;informations<\/h2>\n\n\n\n<p><meta charset=\"utf-8\"><span class=\"has-inline-color has-vivid-red-color\"><meta charset=\"utf-8\"><\/span><\/p>\n\n\n\n<p>Face aux r\u00e9alit\u00e9s de terrain, nous analysons les textes r\u00e9glementaires.<br>Nous croisons ces informations avec les publications techniques et scientifiques.<\/p>\n\n\n\n<ul class=\"wp-block-list\">\n<li>Connaitre les arbres et la v\u00e9g\u00e9tation urbaine <\/li>\n\n\n\n<li>Espaces- verts et Sant\u00e9<\/li>\n\n\n\n<li>Les Ilots de chaleur urbains, r\u00f4le des arbres et de la v\u00e9g\u00e9tation<\/li>\n\n\n\n<li>Les arbres, la v\u00e9g\u00e9tation et l\u2019urbanisme<\/li>\n\n\n\n<li>La protection des arbres et le Droit<\/li>\n\n\n\n<li>Arbres et v\u00e9g\u00e9tation : sujets connexes<\/li>\n<\/ul>\n\n\n\n<div class=\"wp-block-buttons is-layout-flex wp-block-buttons-is-layout-flex\">\n<div class=\"wp-block-button\"><a class=\"wp-block-button__link has-white-color has-vivid-green-cyan-background-color has-text-color has-background wp-element-button\" href=\"https:\/\/auxarbrescitadins.com\/index.php\/sinformer\/\">Plus d&rsquo;information<\/a><\/div>\n<\/div>\n\n\n\n<hr class=\"wp-block-separator has-css-opacity\"\/>\n\n\n\n<h2 class=\"wp-block-heading\" id=\"local\">Nos actions et services aupr\u00e8s des collectivit\u00e9s locales<\/h2>\n\n\n\n<p>Nous avons analys\u00e9 une partie des textes d\u2019urbanisme<br>et nous avons compris qu\u2019au-del\u00e0 des bonnes intentions d\u00e9clam\u00e9es par tous<br>(surtout par nos d\u00e9cideurs publics), le facteur manquant \u00e0 une prise en compte r\u00e9elle de l\u2019environnement,<br>est la quantification des recommandations et r\u00e9glementations nationales et internationales.<br><\/p>\n\n\n\n<p>Nous devons donc renforcer la pr\u00e9cision et faire appliquer le Droit<\/p>\n\n\n\n<div class=\"wp-block-columns is-layout-flex wp-container-core-columns-is-layout-9d6595d7 wp-block-columns-is-layout-flex\">\n<div class=\"wp-block-column is-layout-flow wp-block-column-is-layout-flow\">\n<ul class=\"wp-block-list\">\n<li>Renforcement des connaissances du patrimoine v\u00e9g\u00e9tal Meylanais:<\/li>\n\n\n\n<li>Compl\u00e9ments \u00e0 apporter aux documents d\u2019urbanisme<\/li>\n\n\n\n<li>Propositions de renforcement des EBC (Espaces Bois\u00e9s Class\u00e9s)<\/li>\n\n\n\n<li>Propositions d\u2019outils de gestion des EBC sur le terrain<\/li>\n\n\n\n<li><a href=\"https:\/\/auxarbrescitadins.com\/index.php\/inventons-la-serve-ateliers\/\">Mise en place d\u2019outils participatifs aupr\u00e8s des habitants<\/a><\/li>\n<\/ul>\n<\/div>\n\n\n\n<div class=\"wp-block-column is-layout-flow wp-block-column-is-layout-flow\">\n<figure class=\"wp-block-image size-large\"><img loading=\"lazy\" decoding=\"async\" width=\"1024\" height=\"568\" src=\"https:\/\/auxarbrescitadins.com\/wp-content\/uploads\/2022\/05\/download-1024x568.jpeg\" alt=\"\" class=\"wp-image-99\" srcset=\"https:\/\/auxarbrescitadins.com\/wp-content\/uploads\/2022\/05\/download-1024x568.jpeg 1024w, https:\/\/auxarbrescitadins.com\/wp-content\/uploads\/2022\/05\/download-300x166.jpeg 300w, https:\/\/auxarbrescitadins.com\/wp-content\/uploads\/2022\/05\/download-768x426.jpeg 768w, https:\/\/auxarbrescitadins.com\/wp-content\/uploads\/2022\/05\/download-209x116.jpeg 209w, https:\/\/auxarbrescitadins.com\/wp-content\/uploads\/2022\/05\/download.jpeg 1500w\" sizes=\"auto, (max-width: 1024px) 100vw, 1024px\" \/><figcaption class=\"wp-element-caption\"><em>R\u00e9union \u00ab\u00a0L&rsquo;arbre \u00e0 Meylan\u00a0\u00bb organis\u00e9e par l&rsquo;UQBGP, la mairie de Meylan et l&rsquo;association \u00ab\u00a0Aux arbres citadins\u00a0\u00bb le 3 f\u00e9vrier 2022<br>Formation pr\u00e9sent\u00e9e par Fran\u00e7ois Beraud<\/em><\/figcaption><\/figure>\n\n\n\n<p><\/p>\n<\/div>\n<\/div>\n\n\n\n<hr class=\"wp-block-separator has-css-opacity\"\/>\n\n\n\n<h2 class=\"wp-block-heading\" id=\"prive\">Nos actions et services aupr\u00e8s des acteurs priv\u00e9s<\/h2>\n\n\n\n<p><span class=\"has-inline-color has-black-color\">Nous mettons \u00e0 la disposition des acteurs priv\u00e9s des prestations diverses telles que:<\/span><\/p>\n\n\n\n<div class=\"wp-block-columns is-layout-flex wp-container-core-columns-is-layout-9d6595d7 wp-block-columns-is-layout-flex\">\n<div class=\"wp-block-column is-layout-flow wp-block-column-is-layout-flow\">\n<figure class=\"wp-block-image size-large is-resized\"><img loading=\"lazy\" decoding=\"async\" width=\"793\" height=\"1024\" src=\"https:\/\/auxarbrescitadins.com\/wp-content\/uploads\/2022\/05\/IMG_2762-scaled-e1653741918639-793x1024.jpg\" alt=\"\" class=\"wp-image-167\" style=\"width:348px;height:448px\" srcset=\"https:\/\/auxarbrescitadins.com\/wp-content\/uploads\/2022\/05\/IMG_2762-scaled-e1653741918639-793x1024.jpg 793w, https:\/\/auxarbrescitadins.com\/wp-content\/uploads\/2022\/05\/IMG_2762-scaled-e1653741918639-232x300.jpg 232w, https:\/\/auxarbrescitadins.com\/wp-content\/uploads\/2022\/05\/IMG_2762-scaled-e1653741918639-768x992.jpg 768w, https:\/\/auxarbrescitadins.com\/wp-content\/uploads\/2022\/05\/IMG_2762-scaled-e1653741918639-1189x1536.jpg 1189w, https:\/\/auxarbrescitadins.com\/wp-content\/uploads\/2022\/05\/IMG_2762-scaled-e1653741918639-1585x2048.jpg 1585w, https:\/\/auxarbrescitadins.com\/wp-content\/uploads\/2022\/05\/IMG_2762-scaled-e1653741918639-90x116.jpg 90w, https:\/\/auxarbrescitadins.com\/wp-content\/uploads\/2022\/05\/IMG_2762-scaled-e1653741918639.jpg 1600w\" sizes=\"auto, (max-width: 793px) 100vw, 793px\" \/><\/figure>\n<\/div>\n\n\n\n<div class=\"wp-block-column is-layout-flow wp-block-column-is-layout-flow\">\n<p> <li>Inventaire de v\u00e9g\u00e9tation et adaptations<\/li><\/p>\n\n\n\n<p><li>Analyse des \u00e9tudes existantes et des textes r\u00e8glementaires<\/li><\/p>\n\n\n\n<p><li>Propositions strat\u00e9giques de protection et de  renforcement<\/li><\/p>\n\n\n\n<p><li>Etudes techniques et projets<\/li> <\/p>\n<\/div>\n<\/div>\n\n\n\n<p><\/p>\n","protected":false},"excerpt":{"rendered":"<p>Des actions d\u2019information : Connaitre les arbres et la v\u00e9g\u00e9tation urbaine, Espaces- verts et Sant\u00e9, Les Ilots de chaleur urbains, &hellip; <a href=\"https:\/\/auxarbrescitadins.com\/index.php\/nos-domaines-daction\/\" class=\"more-link\">Continue reading <span class=\"screen-reader-text\">Nos domaines d&rsquo;action<\/span><\/a><\/p>\n","protected":false},"author":1,"featured_media":0,"parent":0,"menu_order":0,"comment_status":"closed","ping_status":"closed","template":"","meta":{"footnotes":""},"class_list":["post-73","page","type-page","status-publish","hentry"],"_links":{"self":[{"href":"https:\/\/auxarbrescitadins.com\/index.php\/wp-json\/wp\/v2\/pages\/73","targetHints":{"allow":["GET"]}}],"collection":[{"href":"https:\/\/auxarbrescitadins.com\/index.php\/wp-json\/wp\/v2\/pages"}],"about":[{"href":"https:\/\/auxarbrescitadins.com\/index.php\/wp-json\/wp\/v2\/types\/page"}],"author":[{"embeddable":true,"href":"https:\/\/auxarbrescitadins.com\/index.php\/wp-json\/wp\/v2\/users\/1"}],"replies":[{"embeddable":true,"href":"https:\/\/auxarbrescitadins.com\/index.php\/wp-json\/wp\/v2\/comments?post=73"}],"version-history":[{"count":12,"href":"https:\/\/auxarbrescitadins.com\/index.php\/wp-json\/wp\/v2\/pages\/73\/revisions"}],"predecessor-version":[{"id":1292,"href":"https:\/\/auxarbrescitadins.com\/index.php\/wp-json\/wp\/v2\/pages\/73\/revisions\/1292"}],"wp:attachment":[{"href":"https:\/\/auxarbrescitadins.com\/index.php\/wp-json\/wp\/v2\/media?parent=73"}],"curies":[{"name":"wp","href":"https:\/\/api.w.org\/{rel}","templated":true}]}}